{"id":1208,"date":"2020-10-28T15:00:20","date_gmt":"2020-10-28T14:00:20","guid":{"rendered":"https:\/\/www.studio-hamburg-synchron.de\/?page_id=1208"},"modified":"2025-05-22T15:30:11","modified_gmt":"2025-05-22T13:30:11","slug":"studios","status":"publish","type":"page","link":"https:\/\/www.studio-hamburg-synchron.de\/en\/studios\/","title":{"rendered":"Studios"},"content":{"rendered":"<div id=\"pl-1208\"  class=\"panel-layout\" ><div id=\"pg-1208-0\"  class=\"panel-grid panel-has-style\" ><div class=\"panel-row-style panel-row-style-for-1208-0\" ><div id=\"pgc-1208-0-0\"  class=\"panel-grid-cell\" ><div id=\"panel-1208-0-0-0\" class=\"so-panel widget widget_sow-headline panel-first-child panel-last-child\" data-index=\"0\" ><div\n\t\t\t\n\t\t\tclass=\"so-widget-sow-headline so-widget-sow-headline-default-5eb8e6575221-1208\"\n\t\t\t\n\t\t><div class=\"sow-headline-container \">\n\t\t\t\t\t\t\t<h1 class=\"sow-headline\">\n\t\t\t\t\t\tStudios\t\t\t\t\t\t<\/h1>\n\t\t\t\t\t\t\t\t\t\t\t<div class=\"decoration\">\n\t\t\t\t\t\t<div class=\"decoration-inside\"><\/div>\n\t\t\t\t\t<\/div>\n\t\t\t\t\t<\/div>\n<\/div><\/div><\/div><\/div><\/div><div id=\"pg-1208-1\"  class=\"panel-grid panel-no-style\" ><div id=\"pgc-1208-1-0\"  class=\"panel-grid-cell\" ><div id=\"panel-1208-1-0-0\" class=\"so-panel widget widget_sow-editor panel-first-child panel-last-child\" data-index=\"1\" ><div\n\t\t\t\n\t\t\tclass=\"so-widget-sow-editor so-widget-sow-editor-base\"\n\t\t\t\n\t\t>\n<div class=\"siteorigin-widget-tinymce textwidget\">\n\t<p>Our Hamburg and Berlin sites house six spacious recording studios and three mixing studios, fitted with state-of-the-art technology and offering ideal working conditions. When necessary, we can expand our recording and mixing capacities by drawing on long-term partners. Further details about our technical equipment and our premises are available here (PDF download):<\/p>\n<\/div>\n<\/div><\/div><\/div><\/div><div id=\"pg-1208-2\"  class=\"panel-grid panel-has-style\" ><div class=\"panel-row-style panel-row-style-for-1208-2\" ><div id=\"pgc-1208-2-0\"  class=\"panel-grid-cell\" ><div id=\"panel-1208-2-0-0\" class=\"so-panel widget widget_sow-editor panel-first-child panel-last-child\" data-index=\"2\" ><div\n\t\t\t\n\t\t\tclass=\"so-widget-sow-editor so-widget-sow-editor-base\"\n\t\t\t\n\t\t>\n<div class=\"siteorigin-widget-tinymce textwidget\">\n\t<p style=\"text-align: center;\"><a class=\"redbutton\" title=\"Technical details (PDF)\" href=\"https:\/\/www.studio-hamburg-synchron.de\/wp-content\/uploads\/2020\/12\/studio-hamburg-synchron-technical-details.pdf\" target=\"_blank\" rel=\"noopener noreferrer\">Technical details (PDF)<\/a><\/p>\n<\/div>\n<\/div><\/div><\/div><\/div><\/div><div id=\"pg-1208-3\"  class=\"panel-grid panel-no-style\" ><div id=\"pgc-1208-3-0\"  class=\"panel-grid-cell\" ><div id=\"panel-1208-3-0-0\" class=\"so-panel widget widget_sow-editor panel-first-child panel-last-child\" data-index=\"3\" ><div\n\t\t\t\n\t\t\tclass=\"so-widget-sow-editor so-widget-sow-editor-base\"\n\t\t\t\n\t\t>\n<div class=\"siteorigin-widget-tinymce textwidget\">\n\t<p>Seven editing suites with 5.1 equipment are attached to our recording and mixing studios, ensuring close contact between the different areas.<\/p>\n<\/div>\n<\/div><\/div><\/div><\/div><div id=\"pg-1208-4\"  class=\"panel-grid panel-has-style\" ><div class=\"panel-row-style panel-row-style-for-1208-4\" ><div id=\"pgc-1208-4-0\"  class=\"panel-grid-cell\" ><div id=\"panel-1208-4-0-0\" class=\"so-panel widget widget_sow-editor panel-first-child panel-last-child\" data-index=\"4\" ><div class=\"panel-widget-style panel-widget-style-for-1208-4-0-0\" ><div\n\t\t\t\n\t\t\tclass=\"so-widget-sow-editor so-widget-sow-editor-base\"\n\t\t\t\n\t\t>\n<div class=\"siteorigin-widget-tinymce textwidget\">\n\t<p style=\"text-align: center;\"><a class=\"redbutton\" title=\"Panoramic view | Berlin recording studio\" href=\"http:\/\/www.mehrton.de\/studio_1\/studio_1.html\" target=\"_blank\" rel=\"noopener\">Panoramic view | Berlin recording studio<\/a><\/p>\n<\/div>\n<\/div><\/div><\/div><\/div><\/div><\/div><div id=\"pg-1208-5\"  class=\"panel-grid panel-no-style\" ><div id=\"pgc-1208-5-0\"  class=\"panel-grid-cell\" ><div id=\"panel-1208-5-0-0\" class=\"so-panel widget widget_virtue_gallery_widget virtue_gallery_widget panel-first-child panel-last-child\" data-index=\"5\" ><div class=\"kad-mosaic-gallery-wrapper\"><div id=\"kad-wp-gallery631\" class=\"kad-wp-gallery gallery reinit-isotope init-mosaic-isotope kad-light-mosaic-gallery clearfix\" data-fade-in=\"1\" data-iso-selector=\".g_item\" data-iso-style=\"packery\" data-iso-filter=\"false\"><div class=\"tcol-lg-6 tcol-md-6 tcol-sm-6 tcol-xs-12 tcol-ss-12 mosiac_item_wide g_item\"><div class=\"grid_item kt_item_fade_in kad_gallery_fade_in gallery_item g_mosiac_item\"><div itemprop=\"image\" itemscope itemtype=\"https:\/\/schema.org\/ImageObject\"><img loading=\"lazy\" decoding=\"async\" width=\"600\" height=\"300\" src=\"https:\/\/www.studio-hamburg-synchron.de\/wp-content\/uploads\/2021\/01\/08-600x300.jpg\" srcset=\"https:\/\/www.studio-hamburg-synchron.de\/wp-content\/uploads\/2021\/01\/08-600x300.jpg 600w, https:\/\/www.studio-hamburg-synchron.de\/wp-content\/uploads\/2021\/01\/08-1200x600.jpg 1200w\" sizes=\"auto, (max-width: 600px) 100vw, 600px\" data-caption=\"Studio Hamburg Synchron\" class=\"light-dropshaddow\" itemprop=\"contentUrl\" alt=\"\"><meta itemprop=\"url\" content=\"https:\/\/www.studio-hamburg-synchron.de\/wp-content\/uploads\/2021\/01\/08-600x300.jpg\"><meta itemprop=\"width\" content=\"600px\"><meta itemprop=\"height\" content=\"300px\"><\/div><a href=\"https:\/\/www.studio-hamburg-synchron.de\/wp-content\/uploads\/2021\/01\/08.jpg\" data-rel=\"lightbox\" class=\"lightboxhover\"><\/a><\/div><\/div><div class=\"tcol-lg-6 tcol-md-6 tcol-sm-6 tcol-xs-12 tcol-ss-12 mosiac_item_large g_item\"><div class=\"grid_item kt_item_fade_in kad_gallery_fade_in gallery_item g_mosiac_item\"><div itemprop=\"image\" itemscope itemtype=\"https:\/\/schema.org\/ImageObject\"><img loading=\"lazy\" decoding=\"async\" width=\"600\" height=\"600\" src=\"https:\/\/www.studio-hamburg-synchron.de\/wp-content\/uploads\/2021\/01\/07-600x600.jpg\" srcset=\"https:\/\/www.studio-hamburg-synchron.de\/wp-content\/uploads\/2021\/01\/07-600x600.jpg 600w, https:\/\/www.studio-hamburg-synchron.de\/wp-content\/uploads\/2021\/01\/07-150x150.jpg 150w, https:\/\/www.studio-hamburg-synchron.de\/wp-content\/uploads\/2021\/01\/07-300x300.jpg 300w\" sizes=\"auto, (max-width: 600px) 100vw, 600px\" data-caption=\"Studio Hamburg Synchron\" class=\"light-dropshaddow\" itemprop=\"contentUrl\" alt=\"\"><meta itemprop=\"url\" content=\"https:\/\/www.studio-hamburg-synchron.de\/wp-content\/uploads\/2021\/01\/07-600x600.jpg\"><meta itemprop=\"width\" content=\"600px\"><meta itemprop=\"height\" content=\"600px\"><\/div><a href=\"https:\/\/www.studio-hamburg-synchron.de\/wp-content\/uploads\/2021\/01\/07.jpg\" data-rel=\"lightbox\" class=\"lightboxhover\"><\/a><\/div><\/div><div class=\"tcol-lg-3 tcol-md-3 tcol-sm-3 tcol-xs-6 tcol-ss-12 mosiac_item_normal g_item\"><div class=\"grid_item kt_item_fade_in kad_gallery_fade_in gallery_item g_mosiac_item\"><div itemprop=\"image\" itemscope itemtype=\"https:\/\/schema.org\/ImageObject\"><img loading=\"lazy\" decoding=\"async\" width=\"300\" height=\"300\" src=\"https:\/\/www.studio-hamburg-synchron.de\/wp-content\/uploads\/2021\/01\/06-300x300.jpg\" srcset=\"https:\/\/www.studio-hamburg-synchron.de\/wp-content\/uploads\/2021\/01\/06-300x300.jpg 300w, https:\/\/www.studio-hamburg-synchron.de\/wp-content\/uploads\/2021\/01\/06-150x150.jpg 150w, https:\/\/www.studio-hamburg-synchron.de\/wp-content\/uploads\/2021\/01\/06-600x600.jpg 600w\" sizes=\"auto, (max-width: 300px) 100vw, 300px\" data-caption=\"Studio Hamburg Synchron\" class=\"light-dropshaddow\" itemprop=\"contentUrl\" alt=\"\"><meta itemprop=\"url\" content=\"https:\/\/www.studio-hamburg-synchron.de\/wp-content\/uploads\/2021\/01\/06-300x300.jpg\"><meta itemprop=\"width\" content=\"300px\"><meta itemprop=\"height\" content=\"300px\"><\/div><a href=\"https:\/\/www.studio-hamburg-synchron.de\/wp-content\/uploads\/2021\/01\/06.jpg\" data-rel=\"lightbox\" class=\"lightboxhover\"><\/a><\/div><\/div><div class=\"tcol-lg-3 tcol-md-3 tcol-sm-3 tcol-xs-6 tcol-ss-12 mosiac_item_normal g_item\"><div class=\"grid_item kt_item_fade_in kad_gallery_fade_in gallery_item g_mosiac_item\"><div itemprop=\"image\" itemscope itemtype=\"https:\/\/schema.org\/ImageObject\"><img loading=\"lazy\" decoding=\"async\" width=\"300\" height=\"300\" src=\"https:\/\/www.studio-hamburg-synchron.de\/wp-content\/uploads\/2021\/01\/05-300x300.jpg\" srcset=\"https:\/\/www.studio-hamburg-synchron.de\/wp-content\/uploads\/2021\/01\/05-300x300.jpg 300w, https:\/\/www.studio-hamburg-synchron.de\/wp-content\/uploads\/2021\/01\/05-150x150.jpg 150w, https:\/\/www.studio-hamburg-synchron.de\/wp-content\/uploads\/2021\/01\/05-600x600.jpg 600w\" sizes=\"auto, (max-width: 300px) 100vw, 300px\" data-caption=\"Studio Hamburg Synchron\" class=\"light-dropshaddow\" itemprop=\"contentUrl\" alt=\"\"><meta itemprop=\"url\" content=\"https:\/\/www.studio-hamburg-synchron.de\/wp-content\/uploads\/2021\/01\/05-300x300.jpg\"><meta itemprop=\"width\" content=\"300px\"><meta itemprop=\"height\" content=\"300px\"><\/div><a href=\"https:\/\/www.studio-hamburg-synchron.de\/wp-content\/uploads\/2021\/01\/05.jpg\" data-rel=\"lightbox\" class=\"lightboxhover\"><\/a><\/div><\/div><div class=\"tcol-lg-3 tcol-md-3 tcol-sm-3 tcol-xs-6 tcol-ss-12 mosiac_item_tall g_item\"><div class=\"grid_item kt_item_fade_in kad_gallery_fade_in gallery_item g_mosiac_item\"><div itemprop=\"image\" itemscope itemtype=\"https:\/\/schema.org\/ImageObject\"><img loading=\"lazy\" decoding=\"async\" width=\"300\" height=\"600\" src=\"https:\/\/www.studio-hamburg-synchron.de\/wp-content\/uploads\/2021\/01\/04-300x600.jpg\"   data-caption=\"Studio Hamburg Synchron\" class=\"light-dropshaddow\" itemprop=\"contentUrl\" alt=\"\"><meta itemprop=\"url\" content=\"https:\/\/www.studio-hamburg-synchron.de\/wp-content\/uploads\/2021\/01\/04-300x600.jpg\"><meta itemprop=\"width\" content=\"300px\"><meta itemprop=\"height\" content=\"600px\"><\/div><a href=\"https:\/\/www.studio-hamburg-synchron.de\/wp-content\/uploads\/2021\/01\/04.jpg\" data-rel=\"lightbox\" class=\"lightboxhover\"><\/a><\/div><\/div><div class=\"tcol-lg-3 tcol-md-3 tcol-sm-3 tcol-xs-6 tcol-ss-12 mosiac_item_normal g_item\"><div class=\"grid_item kt_item_fade_in kad_gallery_fade_in gallery_item g_mosiac_item\"><div itemprop=\"image\" itemscope itemtype=\"https:\/\/schema.org\/ImageObject\"><img loading=\"lazy\" decoding=\"async\" width=\"300\" height=\"300\" src=\"https:\/\/www.studio-hamburg-synchron.de\/wp-content\/uploads\/2021\/01\/03-300x300.jpg\" srcset=\"https:\/\/www.studio-hamburg-synchron.de\/wp-content\/uploads\/2021\/01\/03-300x300.jpg 300w, https:\/\/www.studio-hamburg-synchron.de\/wp-content\/uploads\/2021\/01\/03-150x150.jpg 150w, https:\/\/www.studio-hamburg-synchron.de\/wp-content\/uploads\/2021\/01\/03-600x600.jpg 600w\" sizes=\"auto, (max-width: 300px) 100vw, 300px\" data-caption=\"Studio Hamburg Synchron\" class=\"light-dropshaddow\" itemprop=\"contentUrl\" alt=\"\"><meta itemprop=\"url\" content=\"https:\/\/www.studio-hamburg-synchron.de\/wp-content\/uploads\/2021\/01\/03-300x300.jpg\"><meta itemprop=\"width\" content=\"300px\"><meta itemprop=\"height\" content=\"300px\"><\/div><a href=\"https:\/\/www.studio-hamburg-synchron.de\/wp-content\/uploads\/2021\/01\/03.jpg\" data-rel=\"lightbox\" class=\"lightboxhover\"><\/a><\/div><\/div><div class=\"tcol-lg-3 tcol-md-3 tcol-sm-3 tcol-xs-6 tcol-ss-12 mosiac_item_normal g_item\"><div class=\"grid_item kt_item_fade_in kad_gallery_fade_in gallery_item g_mosiac_item\"><div itemprop=\"image\" itemscope itemtype=\"https:\/\/schema.org\/ImageObject\"><img loading=\"lazy\" decoding=\"async\" width=\"300\" height=\"300\" src=\"https:\/\/www.studio-hamburg-synchron.de\/wp-content\/uploads\/2021\/01\/02-300x300.jpg\" srcset=\"https:\/\/www.studio-hamburg-synchron.de\/wp-content\/uploads\/2021\/01\/02-300x300.jpg 300w, https:\/\/www.studio-hamburg-synchron.de\/wp-content\/uploads\/2021\/01\/02-150x150.jpg 150w, https:\/\/www.studio-hamburg-synchron.de\/wp-content\/uploads\/2021\/01\/02-600x600.jpg 600w\" sizes=\"auto, (max-width: 300px) 100vw, 300px\" data-caption=\"Studio Hamburg Synchron\" class=\"light-dropshaddow\" itemprop=\"contentUrl\" alt=\"\"><meta itemprop=\"url\" content=\"https:\/\/www.studio-hamburg-synchron.de\/wp-content\/uploads\/2021\/01\/02-300x300.jpg\"><meta itemprop=\"width\" content=\"300px\"><meta itemprop=\"height\" content=\"300px\"><\/div><a href=\"https:\/\/www.studio-hamburg-synchron.de\/wp-content\/uploads\/2021\/01\/02.jpg\" data-rel=\"lightbox\" class=\"lightboxhover\"><\/a><\/div><\/div><div class=\"tcol-lg-3 tcol-md-3 tcol-sm-3 tcol-xs-6 tcol-ss-12 mosiac_item_normal g_item\"><div class=\"grid_item kt_item_fade_in kad_gallery_fade_in gallery_item g_mosiac_item\"><div itemprop=\"image\" itemscope itemtype=\"https:\/\/schema.org\/ImageObject\"><img loading=\"lazy\" decoding=\"async\" width=\"300\" height=\"300\" src=\"https:\/\/www.studio-hamburg-synchron.de\/wp-content\/uploads\/2021\/01\/01-300x300.jpg\" srcset=\"https:\/\/www.studio-hamburg-synchron.de\/wp-content\/uploads\/2021\/01\/01-300x300.jpg 300w, https:\/\/www.studio-hamburg-synchron.de\/wp-content\/uploads\/2021\/01\/01-150x150.jpg 150w, https:\/\/www.studio-hamburg-synchron.de\/wp-content\/uploads\/2021\/01\/01-600x600.jpg 600w\" sizes=\"auto, (max-width: 300px) 100vw, 300px\" data-caption=\"Studio Hamburg Synchron\" class=\"light-dropshaddow\" itemprop=\"contentUrl\" alt=\"\"><meta itemprop=\"url\" content=\"https:\/\/www.studio-hamburg-synchron.de\/wp-content\/uploads\/2021\/01\/01-300x300.jpg\"><meta itemprop=\"width\" content=\"300px\"><meta itemprop=\"height\" content=\"300px\"><\/div><a href=\"https:\/\/www.studio-hamburg-synchron.de\/wp-content\/uploads\/2021\/01\/01.jpg\" data-rel=\"lightbox\" class=\"lightboxhover\"><\/a><\/div><\/div><div class=\"tcol-lg-3 tcol-md-3 tcol-sm-3 tcol-xs-6 tcol-ss-12 mosiac_item_normal g_item\"><div class=\"grid_item kt_item_fade_in kad_gallery_fade_in gallery_item g_mosiac_item\"><div itemprop=\"image\" itemscope itemtype=\"https:\/\/schema.org\/ImageObject\"><img loading=\"lazy\" decoding=\"async\" width=\"300\" height=\"300\" src=\"https:\/\/www.studio-hamburg-synchron.de\/wp-content\/uploads\/2021\/01\/10-300x300.jpg\" srcset=\"https:\/\/www.studio-hamburg-synchron.de\/wp-content\/uploads\/2021\/01\/10-300x300.jpg 300w, https:\/\/www.studio-hamburg-synchron.de\/wp-content\/uploads\/2021\/01\/10-150x150.jpg 150w, https:\/\/www.studio-hamburg-synchron.de\/wp-content\/uploads\/2021\/01\/10-600x600.jpg 600w\" sizes=\"auto, (max-width: 300px) 100vw, 300px\" data-caption=\"Studio Hamburg Synchron\" class=\"light-dropshaddow\" itemprop=\"contentUrl\" alt=\"\"><meta itemprop=\"url\" content=\"https:\/\/www.studio-hamburg-synchron.de\/wp-content\/uploads\/2021\/01\/10-300x300.jpg\"><meta itemprop=\"width\" content=\"300px\"><meta itemprop=\"height\" content=\"300px\"><\/div><a href=\"https:\/\/www.studio-hamburg-synchron.de\/wp-content\/uploads\/2021\/01\/10.jpg\" data-rel=\"lightbox\" class=\"lightboxhover\"><\/a><\/div><\/div><div class=\"tcol-lg-6 tcol-md-6 tcol-sm-6 tcol-xs-12 tcol-ss-12 mosiac_item_wide g_item\"><div class=\"grid_item kt_item_fade_in kad_gallery_fade_in gallery_item g_mosiac_item\"><div itemprop=\"image\" itemscope itemtype=\"https:\/\/schema.org\/ImageObject\"><img loading=\"lazy\" decoding=\"async\" width=\"600\" height=\"300\" src=\"https:\/\/www.studio-hamburg-synchron.de\/wp-content\/uploads\/2021\/01\/09-600x300.jpg\" srcset=\"https:\/\/www.studio-hamburg-synchron.de\/wp-content\/uploads\/2021\/01\/09-600x300.jpg 600w, https:\/\/www.studio-hamburg-synchron.de\/wp-content\/uploads\/2021\/01\/09-1200x600.jpg 1200w\" sizes=\"auto, (max-width: 600px) 100vw, 600px\" data-caption=\"Studio Hamburg Synchron\" class=\"light-dropshaddow\" itemprop=\"contentUrl\" alt=\"\"><meta itemprop=\"url\" content=\"https:\/\/www.studio-hamburg-synchron.de\/wp-content\/uploads\/2021\/01\/09-600x300.jpg\"><meta itemprop=\"width\" content=\"600px\"><meta itemprop=\"height\" content=\"300px\"><\/div><a href=\"https:\/\/www.studio-hamburg-synchron.de\/wp-content\/uploads\/2021\/01\/09.jpg\" data-rel=\"lightbox\" class=\"lightboxhover\"><\/a><\/div><\/div><\/div><\/div><\/div><\/div><\/div><div id=\"pg-1208-6\"  class=\"panel-grid panel-has-style\" ><div class=\"panel-row-style panel-row-style-for-1208-6\" ><div id=\"pgc-1208-6-0\"  class=\"panel-grid-cell\" ><div id=\"panel-1208-6-0-0\" class=\"so-panel widget widget_sow-editor panel-first-child panel-last-child\" data-index=\"6\" ><div class=\"panel-widget-style panel-widget-style-for-1208-6-0-0\" ><div\n\t\t\t\n\t\t\tclass=\"so-widget-sow-editor so-widget-sow-editor-base\"\n\t\t\t\n\t\t>\n<div class=\"siteorigin-widget-tinymce textwidget\">\n\t<p style=\"text-align: center;\"><a class=\"redbutton\" title=\"Contact us now\" href=\"\/studio-hamburg-synchron\/kontakt\/\">Contact us now<\/a><\/p>\n<\/div>\n<\/div><\/div><\/div><\/div><\/div><\/div><\/div>","protected":false},"excerpt":{"rendered":"<p>Our Hamburg and Berlin sites house six spacious recording studios and three mixing studios, fitted with state-of-the-art technology and offering ideal working conditions. When necessary, we can expand our recording and mixing capacities by drawing on long-term partners. Further details &hellip; <a class=\"kt-excerpt-readmore\" href=\"https:\/\/www.studio-hamburg-synchron.de\/en\/studios\/\" aria-label=\"Studios\">Read More<\/a><\/p>\n","protected":false},"author":1,"featured_media":0,"parent":0,"menu_order":0,"comment_status":"closed","ping_status":"closed","template":"page-fullwidth.php","meta":{"footnotes":""},"class_list":["post-1208","page","type-page","status-publish","hentry"],"yoast_head":"<!-- This site is optimized with the Yoast SEO plugin v27.2 - https:\/\/yoast.com\/product\/yoast-seo-wordpress\/ -->\n<title>Studio Hamburg Synchron - Studios<\/title>\n<meta name=\"description\" content=\"An unseren Standorten in Hamburg und Berlin verf\u00fcgen wir \u00fcber sechs gro\u00dfz\u00fcgige Aufnahmestudios und drei Mischstudios mit modernster Technik.\" \/>\n<meta name=\"robots\" content=\"index, follow, max-snippet:-1, max-image-preview:large, max-video-preview:-1\" \/>\n<link rel=\"canonical\" href=\"https:\/\/www.studio-hamburg-synchron.de\/studios\/\" \/>\n<meta property=\"og:locale\" content=\"en_US\" \/>\n<meta property=\"og:type\" content=\"article\" \/>\n<meta property=\"og:title\" content=\"Studio Hamburg Synchron - Studios\" \/>\n<meta property=\"og:description\" content=\"An unseren Standorten in Hamburg und Berlin verf\u00fcgen wir \u00fcber sechs gro\u00dfz\u00fcgige Aufnahmestudios und drei Mischstudios mit modernster Technik.\" \/>\n<meta property=\"og:url\" content=\"https:\/\/www.studio-hamburg-synchron.de\/studios\/\" \/>\n<meta property=\"og:site_name\" content=\"Studio Hamburg Synchron\" \/>\n<meta property=\"article:modified_time\" content=\"2025-05-22T13:30:11+00:00\" \/>\n<meta name=\"twitter:card\" content=\"summary_large_image\" \/>\n<meta name=\"twitter:label1\" content=\"Est. reading time\" \/>\n\t<meta name=\"twitter:data1\" content=\"3 minutes\" \/>\n<script type=\"application\/ld+json\" class=\"yoast-schema-graph\">{\"@context\":\"https:\/\/schema.org\",\"@graph\":[{\"@type\":\"WebPage\",\"@id\":\"https:\/\/www.studio-hamburg-synchron.de\/studios\/\",\"url\":\"https:\/\/www.studio-hamburg-synchron.de\/studios\/\",\"name\":\"Studio Hamburg Synchron - Studios\",\"isPartOf\":{\"@id\":\"https:\/\/www.studio-hamburg-synchron.de\/#website\"},\"datePublished\":\"2020-10-28T14:00:20+00:00\",\"dateModified\":\"2025-05-22T13:30:11+00:00\",\"description\":\"An unseren Standorten in Hamburg und Berlin verf\u00fcgen wir \u00fcber sechs gro\u00dfz\u00fcgige Aufnahmestudios und drei Mischstudios mit modernster Technik.\",\"breadcrumb\":{\"@id\":\"https:\/\/www.studio-hamburg-synchron.de\/studios\/#breadcrumb\"},\"inLanguage\":\"en-US\",\"potentialAction\":[{\"@type\":\"ReadAction\",\"target\":[\"https:\/\/www.studio-hamburg-synchron.de\/studios\/\"]}]},{\"@type\":\"BreadcrumbList\",\"@id\":\"https:\/\/www.studio-hamburg-synchron.de\/studios\/#breadcrumb\",\"itemListElement\":[{\"@type\":\"ListItem\",\"position\":1,\"name\":\"Startseite\",\"item\":\"https:\/\/www.studio-hamburg-synchron.de\/\"},{\"@type\":\"ListItem\",\"position\":2,\"name\":\"Studios\"}]},{\"@type\":\"WebSite\",\"@id\":\"https:\/\/www.studio-hamburg-synchron.de\/#website\",\"url\":\"https:\/\/www.studio-hamburg-synchron.de\/\",\"name\":\"Studio Hamburg Synchron\",\"description\":\"TV- und Kinosynchronisation, DVD-ROM-, H\u00f6rspiel- und Werbeproduktionen\",\"publisher\":{\"@id\":\"https:\/\/www.studio-hamburg-synchron.de\/#organization\"},\"potentialAction\":[{\"@type\":\"SearchAction\",\"target\":{\"@type\":\"EntryPoint\",\"urlTemplate\":\"https:\/\/www.studio-hamburg-synchron.de\/?s={search_term_string}\"},\"query-input\":{\"@type\":\"PropertyValueSpecification\",\"valueRequired\":true,\"valueName\":\"search_term_string\"}}],\"inLanguage\":\"en-US\"},{\"@type\":\"Organization\",\"@id\":\"https:\/\/www.studio-hamburg-synchron.de\/#organization\",\"name\":\"Studio Hamburg Synchron\",\"url\":\"https:\/\/www.studio-hamburg-synchron.de\/\",\"logo\":{\"@type\":\"ImageObject\",\"inLanguage\":\"en-US\",\"@id\":\"https:\/\/www.studio-hamburg-synchron.de\/#\/schema\/logo\/image\/\",\"url\":\"https:\/\/www.studio-hamburg-synchron.de\/wp-content\/uploads\/2016\/11\/synchrom-logo.png\",\"contentUrl\":\"https:\/\/www.studio-hamburg-synchron.de\/wp-content\/uploads\/2016\/11\/synchrom-logo.png\",\"width\":200,\"height\":59,\"caption\":\"Studio Hamburg Synchron\"},\"image\":{\"@id\":\"https:\/\/www.studio-hamburg-synchron.de\/#\/schema\/logo\/image\/\"}}]}<\/script>\n<!-- \/ Yoast SEO plugin. -->","yoast_head_json":{"title":"Studio Hamburg Synchron - Studios","description":"An unseren Standorten in Hamburg und Berlin verf\u00fcgen wir \u00fcber sechs gro\u00dfz\u00fcgige Aufnahmestudios und drei Mischstudios mit modernster Technik.","robots":{"index":"index","follow":"follow","max-snippet":"max-snippet:-1","max-image-preview":"max-image-preview:large","max-video-preview":"max-video-preview:-1"},"canonical":"https:\/\/www.studio-hamburg-synchron.de\/studios\/","og_locale":"en_US","og_type":"article","og_title":"Studio Hamburg Synchron - Studios","og_description":"An unseren Standorten in Hamburg und Berlin verf\u00fcgen wir \u00fcber sechs gro\u00dfz\u00fcgige Aufnahmestudios und drei Mischstudios mit modernster Technik.","og_url":"https:\/\/www.studio-hamburg-synchron.de\/studios\/","og_site_name":"Studio Hamburg Synchron","article_modified_time":"2025-05-22T13:30:11+00:00","twitter_card":"summary_large_image","twitter_misc":{"Est. reading time":"3 minutes"},"schema":{"@context":"https:\/\/schema.org","@graph":[{"@type":"WebPage","@id":"https:\/\/www.studio-hamburg-synchron.de\/studios\/","url":"https:\/\/www.studio-hamburg-synchron.de\/studios\/","name":"Studio Hamburg Synchron - Studios","isPartOf":{"@id":"https:\/\/www.studio-hamburg-synchron.de\/#website"},"datePublished":"2020-10-28T14:00:20+00:00","dateModified":"2025-05-22T13:30:11+00:00","description":"An unseren Standorten in Hamburg und Berlin verf\u00fcgen wir \u00fcber sechs gro\u00dfz\u00fcgige Aufnahmestudios und drei Mischstudios mit modernster Technik.","breadcrumb":{"@id":"https:\/\/www.studio-hamburg-synchron.de\/studios\/#breadcrumb"},"inLanguage":"en-US","potentialAction":[{"@type":"ReadAction","target":["https:\/\/www.studio-hamburg-synchron.de\/studios\/"]}]},{"@type":"BreadcrumbList","@id":"https:\/\/www.studio-hamburg-synchron.de\/studios\/#breadcrumb","itemListElement":[{"@type":"ListItem","position":1,"name":"Startseite","item":"https:\/\/www.studio-hamburg-synchron.de\/"},{"@type":"ListItem","position":2,"name":"Studios"}]},{"@type":"WebSite","@id":"https:\/\/www.studio-hamburg-synchron.de\/#website","url":"https:\/\/www.studio-hamburg-synchron.de\/","name":"Studio Hamburg Synchron","description":"TV- und Kinosynchronisation, DVD-ROM-, H\u00f6rspiel- und Werbeproduktionen","publisher":{"@id":"https:\/\/www.studio-hamburg-synchron.de\/#organization"},"potentialAction":[{"@type":"SearchAction","target":{"@type":"EntryPoint","urlTemplate":"https:\/\/www.studio-hamburg-synchron.de\/?s={search_term_string}"},"query-input":{"@type":"PropertyValueSpecification","valueRequired":true,"valueName":"search_term_string"}}],"inLanguage":"en-US"},{"@type":"Organization","@id":"https:\/\/www.studio-hamburg-synchron.de\/#organization","name":"Studio Hamburg Synchron","url":"https:\/\/www.studio-hamburg-synchron.de\/","logo":{"@type":"ImageObject","inLanguage":"en-US","@id":"https:\/\/www.studio-hamburg-synchron.de\/#\/schema\/logo\/image\/","url":"https:\/\/www.studio-hamburg-synchron.de\/wp-content\/uploads\/2016\/11\/synchrom-logo.png","contentUrl":"https:\/\/www.studio-hamburg-synchron.de\/wp-content\/uploads\/2016\/11\/synchrom-logo.png","width":200,"height":59,"caption":"Studio Hamburg Synchron"},"image":{"@id":"https:\/\/www.studio-hamburg-synchron.de\/#\/schema\/logo\/image\/"}}]}},"_links":{"self":[{"href":"https:\/\/www.studio-hamburg-synchron.de\/en\/wp-json\/wp\/v2\/pages\/1208","targetHints":{"allow":["GET"]}}],"collection":[{"href":"https:\/\/www.studio-hamburg-synchron.de\/en\/wp-json\/wp\/v2\/pages"}],"about":[{"href":"https:\/\/www.studio-hamburg-synchron.de\/en\/wp-json\/wp\/v2\/types\/page"}],"author":[{"embeddable":true,"href":"https:\/\/www.studio-hamburg-synchron.de\/en\/wp-json\/wp\/v2\/users\/1"}],"replies":[{"embeddable":true,"href":"https:\/\/www.studio-hamburg-synchron.de\/en\/wp-json\/wp\/v2\/comments?post=1208"}],"version-history":[{"count":1,"href":"https:\/\/www.studio-hamburg-synchron.de\/en\/wp-json\/wp\/v2\/pages\/1208\/revisions"}],"predecessor-version":[{"id":3760,"href":"https:\/\/www.studio-hamburg-synchron.de\/en\/wp-json\/wp\/v2\/pages\/1208\/revisions\/3760"}],"wp:attachment":[{"href":"https:\/\/www.studio-hamburg-synchron.de\/en\/wp-json\/wp\/v2\/media?parent=1208"}],"curies":[{"name":"wp","href":"https:\/\/api.w.org\/{rel}","templated":true}]}}